{"id":198,"date":"2024-11-03T17:26:32","date_gmt":"2024-11-03T17:26:32","guid":{"rendered":"https:\/\/aymoperitosjudiciales.com\/?page_id=198"},"modified":"2024-11-07T10:06:42","modified_gmt":"2024-11-07T10:06:42","slug":"embarcacion","status":"publish","type":"page","link":"https:\/\/aymoperitosjudiciales.com\/de\/embarcacion\/","title":{"rendered":"Boot"},"content":{"rendered":"<div data-elementor-type=\"wp-page\" data-elementor-id=\"198\" class=\"elementor elementor-198\" data-elementor-post-type=\"page\">\n\t\t\t\t\t\t<section class=\"elementor-section elementor-top-section elementor-element elementor-element-5c3ab38c elementor-section-height-min-height elementor-section-boxed elementor-section-height-default elementor-section-items-middle\" data-id=\"5c3ab38c\" data-element_type=\"section\" data-e-type=\"section\" data-settings=\"{&quot;background_background&quot;:&quot;slideshow&quot;,&quot;background_slideshow_gallery&quot;:[{&quot;id&quot;:201,&quot;url&quot;:&quot;https:\\\/\\\/aymoperitosjudiciales.com\\\/wp-content\\\/uploads\\\/2024\\\/11\\\/puerto-ban-s-andaluc-a-spain.jpg&quot;}],&quot;background_slideshow_loop&quot;:&quot;yes&quot;,&quot;background_slideshow_slide_duration&quot;:5000,&quot;background_slideshow_slide_transition&quot;:&quot;fade&quot;,&quot;background_slideshow_transition_duration&quot;:500}\">\n\t\t\t\t\t\t\t<div class=\"elementor-background-overlay\"><\/div>\n\t\t\t\t\t\t\t<div class=\"elementor-container elementor-column-gap-default\">\n\t\t\t\t\t<div class=\"elementor-column elementor-col-100 elementor-top-column elementor-element elementor-element-2cbf7cf\" data-id=\"2cbf7cf\" data-element_type=\"column\" data-e-type=\"column\">\n\t\t\t<div class=\"elementor-widget-wrap elementor-element-populated\">\n\t\t\t\t\t\t<section class=\"elementor-section elementor-inner-section elementor-element elementor-element-3d20785c elementor-section-boxed elementor-section-height-default elementor-section-height-default\" data-id=\"3d20785c\" data-element_type=\"section\" data-e-type=\"section\">\n\t\t\t\t\t\t<div class=\"elementor-container elementor-column-gap-default\">\n\t\t\t\t\t<div class=\"elementor-column elementor-col-50 elementor-inner-column elementor-element elementor-element-6f677592\" data-id=\"6f677592\" data-element_type=\"column\" data-e-type=\"column\">\n\t\t\t<div class=\"elementor-widget-wrap elementor-element-populated\">\n\t\t\t\t\t\t<div class=\"elementor-element elementor-element-65ce8a44 elementor-widget elementor-widget-heading\" data-id=\"65ce8a44\" data-element_type=\"widget\" data-e-type=\"widget\" data-widget_type=\"heading.default\">\n\t\t\t\t<div class=\"elementor-widget-container\">\n\t\t\t\t\t<p class=\"elementor-heading-title elementor-size-default\">Willkommen bei AYMO PERITOS JUDICIALES<\/p>\t\t\t\t<\/div>\n\t\t\t\t<\/div>\n\t\t\t\t<div class=\"elementor-element elementor-element-57203a2d elementor-widget elementor-widget-heading\" data-id=\"57203a2d\" data-element_type=\"widget\" data-e-type=\"widget\" data-widget_type=\"heading.default\">\n\t\t\t\t<div class=\"elementor-widget-container\">\n\t\t\t\t\t<h1 class=\"elementor-heading-title elementor-size-default\">Bootsbewertung<\/h1>\t\t\t\t<\/div>\n\t\t\t\t<\/div>\n\t\t\t\t<div class=\"elementor-element elementor-element-67fc142 elementor-widget__width-auto elementor-hidden-mobile elementor-widget elementor-widget-button\" data-id=\"67fc142\" data-element_type=\"widget\" data-e-type=\"widget\" data-widget_type=\"button.default\">\n\t\t\t\t<div class=\"elementor-widget-container\">\n\t\t\t\t\t\t\t\t\t<div class=\"elementor-button-wrapper\">\n\t\t\t\t\t<a class=\"elementor-button elementor-button-link elementor-size-lg\" href=\"https:\/\/calendly.com\/sales-skywealth\/reunion-aymo-peritaciones\">\n\t\t\t\t\t\t<span class=\"elementor-button-content-wrapper\">\n\t\t\t\t\t\t\t\t\t<span class=\"elementor-button-text\">Erhalten Sie einen Anruf<\/span>\n\t\t\t\t\t<\/span>\n\t\t\t\t\t<\/a>\n\t\t\t\t<\/div>\n\t\t\t\t\t\t\t\t<\/div>\n\t\t\t\t<\/div>\n\t\t\t\t\t<\/div>\n\t\t<\/div>\n\t\t\t\t<div class=\"elementor-column elementor-col-50 elementor-inner-column elementor-element elementor-element-5f1b4976\" data-id=\"5f1b4976\" data-element_type=\"column\" data-e-type=\"column\">\n\t\t\t<div class=\"elementor-widget-wrap elementor-element-populated\">\n\t\t\t\t\t\t<div class=\"elementor-element elementor-element-f725dc2 elementor-widget elementor-widget-image\" data-id=\"f725dc2\" data-element_type=\"widget\" data-e-type=\"widget\" data-widget_type=\"image.default\">\n\t\t\t\t<div class=\"elementor-widget-container\">\n\t\t\t\t\t\t\t\t\t\t\t\t\t\t\t<img fetchpriority=\"high\" decoding=\"async\" width=\"2000\" height=\"2000\" src=\"https:\/\/aymoperitosjudiciales.com\/wp-content\/uploads\/2024\/10\/LOGO-PERITOS-JUDICIALES.gif\" class=\"attachment-full size-full wp-image-65\" alt=\"\" \/>\t\t\t\t\t\t\t\t\t\t\t\t\t\t\t<\/div>\n\t\t\t\t<\/div>\n\t\t\t\t\t<\/div>\n\t\t<\/div>\n\t\t\t\t\t<\/div>\n\t\t<\/section>\n\t\t\t\t\t<\/div>\n\t\t<\/div>\n\t\t\t\t\t<\/div>\n\t\t<\/section>\n\t\t<div class=\"elementor-element elementor-element-ba0effb e-flex e-con-boxed e-con e-parent\" data-id=\"ba0effb\" data-element_type=\"container\" data-e-type=\"container\">\n\t\t\t\t\t<div class=\"e-con-inner\">\n\t\t<div class=\"elementor-element elementor-element-54e4c17 e-con-full e-flex e-con e-child\" data-id=\"54e4c17\" data-element_type=\"container\" data-e-type=\"container\">\n\t\t\t\t<div class=\"elementor-element elementor-element-8142411 elementor-widget elementor-widget-text-editor\" data-id=\"8142411\" data-element_type=\"widget\" data-e-type=\"widget\" data-widget_type=\"text-editor.default\">\n\t\t\t\t<div class=\"elementor-widget-container\">\n\t\t\t\t\t\t\t\t\t<p>Wenn Sie eine Bootsbewertung durchf\u00fchren m\u00fcssen, verf\u00fcgen wir bei AYMO PERITOS JUDICIALES \u00fcber kompetente Experten in dieser Angelegenheit, die Ihnen ein detailliertes Gutachten vorlegen, in dem sie den Wert des Bootes auf dem aktuellen Markt angeben.<\/p><p>Dieses Gutachten wird vom Interessenten angefordert, um Informationen \u00fcber den Wert des Bootes zu erhalten, sei es f\u00fcr den Verkauf, im Falle eines Rechtsanspruchs oder um es als Sicherheit anzubieten.<\/p><p>Mittlerweile kann diese Beurteilung auf jedem Bootstyp durchgef\u00fchrt werden, beispielsweise auf Ausflugsbooten, Sportbooten, Wettkampfbooten oder klassischen Segelbooten.<\/p>\t\t\t\t\t\t\t\t<\/div>\n\t\t\t\t<\/div>\n\t\t\t\t<\/div>\n\t\t<div class=\"elementor-element elementor-element-7ca0fc4 e-con-full e-flex e-con e-child\" data-id=\"7ca0fc4\" data-element_type=\"container\" data-e-type=\"container\">\n\t\t<div class=\"elementor-element elementor-element-25b4014 e-con-full e-flex e-con e-child\" data-id=\"25b4014\" data-element_type=\"container\" data-e-type=\"container\">\n\t\t\t\t<div class=\"elementor-element elementor-element-d933afe elementor-widget__width-initial elementor-widget elementor-widget-heading\" data-id=\"d933afe\" data-element_type=\"widget\" data-e-type=\"widget\" data-widget_type=\"heading.default\">\n\t\t\t\t<div class=\"elementor-widget-container\">\n\t\t\t\t\t<h2 class=\"elementor-heading-title elementor-size-default\">Warum Boote bewerten?<\/h2>\t\t\t\t<\/div>\n\t\t\t\t<\/div>\n\t\t\t\t<div class=\"elementor-element elementor-element-fdeb514 elementor-widget elementor-widget-text-editor\" data-id=\"fdeb514\" data-element_type=\"widget\" data-e-type=\"widget\" data-widget_type=\"text-editor.default\">\n\t\t\t\t<div class=\"elementor-widget-container\">\n\t\t\t\t\t\t\t\t\t<p>Mit der Bewertung von Booten decken wir ein breites Spektrum an Zwecken ab, unter denen folgende hervorzuheben sind:<\/p>\t\t\t\t\t\t\t\t<\/div>\n\t\t\t\t<\/div>\n\t\t\t\t<div class=\"elementor-element elementor-element-4674872 elementor-widget elementor-widget-text-editor\" data-id=\"4674872\" data-element_type=\"widget\" data-e-type=\"widget\" data-widget_type=\"text-editor.default\">\n\t\t\t\t<div class=\"elementor-widget-container\">\n\t\t\t\t\t\t\t\t\t<ul><li>Fachkompetenz f\u00fcr Kauf- und Verkaufsberatung.<\/li><li>Als Beratung zur Due Diligence.<\/li><li>Inventarisierung und Aktualisierung des Bilanzwerts von Unternehmen.<\/li><li>Zahlungsaufsch\u00fcbe.<\/li><li>Als Beweis bei \u00dcbertragungsvorg\u00e4ngen zwischen verbundenen Parteien.<\/li><li>Verfahren vor Justizbeh\u00f6rden oder des Finanzamtes.<\/li><li>Als dokumentarische Unterst\u00fctzung zur Aktualisierung des Bilanzwerts von Verm\u00f6genswerten.<\/li><\/ul>\t\t\t\t\t\t\t\t<\/div>\n\t\t\t\t<\/div>\n\t\t\t\t<\/div>\n\t\t\t\t<\/div>\n\t\t<div class=\"elementor-element elementor-element-8b735a0 e-con-full e-flex e-con e-child\" data-id=\"8b735a0\" data-element_type=\"container\" data-e-type=\"container\">\n\t\t\t\t<div class=\"elementor-element elementor-element-a07d93a elementor-widget elementor-widget-text-editor\" data-id=\"a07d93a\" data-element_type=\"widget\" data-e-type=\"widget\" data-widget_type=\"text-editor.default\">\n\t\t\t\t<div class=\"elementor-widget-container\">\n\t\t\t\t\t\t\t\t\t<p><strong>Bootsbewertungsprozess:<\/strong><\/p><ul><li><strong>Erstberatung:<\/strong> Kontaktieren Sie uns, um Ihre Anforderungen an die Wertermittlung Ihres Bootes zu besprechen und einen ersten Beratungstermin zu vereinbaren.<\/li><li><strong>Detaillierte Inspektion:<\/strong> Unser Sachverst\u00e4ndiger f\u00fchrt eine gr\u00fcndliche Inspektion des Bootes durch und bewertet dabei technische Aspekte, Ausr\u00fcstung, Wartung und andere relevante Faktoren.<\/li><li><strong>Marktanalyse:<\/strong> Wir verwenden aktuelle Tools und Kenntnisse, um den Wert Ihres Bootes auf dem heutigen Markt zu vergleichen.<\/li><li><strong>Professioneller Bericht:<\/strong> Wir stellen Ihnen einen detaillierten Bericht zur Verf\u00fcgung, der die wichtigsten Aspekte der Bewertung hervorhebt und so einen klaren und genauen \u00dcberblick \u00fcber den Wert Ihres Bootes bietet.<\/li><\/ul>\t\t\t\t\t\t\t\t<\/div>\n\t\t\t\t<\/div>\n\t\t\t\t<\/div>\n\t\t\t\t\t<\/div>\n\t\t\t\t<\/div>\n\t\t\t\t<\/div>","protected":false},"excerpt":{"rendered":"<p>Forensische Bewertung von Autos, Booten und Immobilien. Bootsbewertung. Anruf erhalten. Wenn Sie eine Bootsbewertung ben\u00f6tigen, verf\u00fcgen wir bei AYMO PERITOS JUDICIALES \u00fcber erfahrene Gutachter, die Ihnen ein detailliertes Gutachten mit dem aktuellen Marktwert des Bootes erstellen. Diese Bewertung wird angefordert [\u2026]<\/p>","protected":false},"author":1,"featured_media":0,"parent":0,"menu_order":0,"comment_status":"closed","ping_status":"closed","template":"","meta":{"footnotes":""},"class_list":["post-198","page","type-page","status-publish","hentry"],"_links":{"self":[{"href":"https:\/\/aymoperitosjudiciales.com\/de\/wp-json\/wp\/v2\/pages\/198"}],"collection":[{"href":"https:\/\/aymoperitosjudiciales.com\/de\/wp-json\/wp\/v2\/pages"}],"about":[{"href":"https:\/\/aymoperitosjudiciales.com\/de\/wp-json\/wp\/v2\/types\/page"}],"author":[{"embeddable":true,"href":"https:\/\/aymoperitosjudiciales.com\/de\/wp-json\/wp\/v2\/users\/1"}],"replies":[{"embeddable":true,"href":"https:\/\/aymoperitosjudiciales.com\/de\/wp-json\/wp\/v2\/comments?post=198"}],"version-history":[{"count":7,"href":"https:\/\/aymoperitosjudiciales.com\/de\/wp-json\/wp\/v2\/pages\/198\/revisions"}],"predecessor-version":[{"id":223,"href":"https:\/\/aymoperitosjudiciales.com\/de\/wp-json\/wp\/v2\/pages\/198\/revisions\/223"}],"wp:attachment":[{"href":"https:\/\/aymoperitosjudiciales.com\/de\/wp-json\/wp\/v2\/media?parent=198"}],"curies":[{"name":"wp","href":"https:\/\/api.w.org\/{rel}","templated":true}]}}