{"id":180,"date":"2024-11-03T16:58:43","date_gmt":"2024-11-03T16:58:43","guid":{"rendered":"https:\/\/aymoperitosjudiciales.com\/?page_id=180"},"modified":"2024-11-03T17:40:33","modified_gmt":"2024-11-03T17:40:33","slug":"defectos-o-vicios-ocultos","status":"publish","type":"page","link":"https:\/\/aymoperitosjudiciales.com\/de\/defectos-o-vicios-ocultos\/","title":{"rendered":"M\u00c4NGEL ODER VERBORGENE FEHLER"},"content":{"rendered":"<div data-elementor-type=\"wp-page\" data-elementor-id=\"180\" class=\"elementor elementor-180\" data-elementor-post-type=\"page\">\n\t\t\t\t\t\t<section class=\"elementor-section elementor-top-section elementor-element elementor-element-5c3ab38c elementor-section-height-min-height elementor-section-boxed elementor-section-height-default elementor-section-items-middle\" data-id=\"5c3ab38c\" data-element_type=\"section\" data-e-type=\"section\" data-settings=\"{&quot;background_background&quot;:&quot;slideshow&quot;,&quot;background_slideshow_gallery&quot;:[{&quot;id&quot;:73,&quot;url&quot;:&quot;https:\\\/\\\/aymoperitosjudiciales.com\\\/wp-content\\\/uploads\\\/2024\\\/10\\\/two-car-mechanics-holding-a-tablet-with-an-open-green-screen-next-to-the-open-door-of-a-white-car.jpg&quot;}],&quot;background_slideshow_loop&quot;:&quot;yes&quot;,&quot;background_slideshow_slide_duration&quot;:5000,&quot;background_slideshow_slide_transition&quot;:&quot;fade&quot;,&quot;background_slideshow_transition_duration&quot;:500}\">\n\t\t\t\t\t\t\t<div class=\"elementor-background-overlay\"><\/div>\n\t\t\t\t\t\t\t<div class=\"elementor-container elementor-column-gap-default\">\n\t\t\t\t\t<div class=\"elementor-column elementor-col-100 elementor-top-column elementor-element elementor-element-2cbf7cf\" data-id=\"2cbf7cf\" data-element_type=\"column\" data-e-type=\"column\">\n\t\t\t<div class=\"elementor-widget-wrap elementor-element-populated\">\n\t\t\t\t\t\t<section class=\"elementor-section elementor-inner-section elementor-element elementor-element-3d20785c elementor-section-boxed elementor-section-height-default elementor-section-height-default\" data-id=\"3d20785c\" data-element_type=\"section\" data-e-type=\"section\">\n\t\t\t\t\t\t<div class=\"elementor-container elementor-column-gap-default\">\n\t\t\t\t\t<div class=\"elementor-column elementor-col-50 elementor-inner-column elementor-element elementor-element-6f677592\" data-id=\"6f677592\" data-element_type=\"column\" data-e-type=\"column\">\n\t\t\t<div class=\"elementor-widget-wrap elementor-element-populated\">\n\t\t\t\t\t\t<div class=\"elementor-element elementor-element-65ce8a44 elementor-widget elementor-widget-heading\" data-id=\"65ce8a44\" data-element_type=\"widget\" data-e-type=\"widget\" data-widget_type=\"heading.default\">\n\t\t\t\t<div class=\"elementor-widget-container\">\n\t\t\t\t\t<p class=\"elementor-heading-title elementor-size-default\">Willkommen bei AYMO PERITOS JUDICIALES<\/p>\t\t\t\t<\/div>\n\t\t\t\t<\/div>\n\t\t\t\t<div class=\"elementor-element elementor-element-57203a2d elementor-widget__width-initial elementor-widget elementor-widget-heading\" data-id=\"57203a2d\" data-element_type=\"widget\" data-e-type=\"widget\" data-widget_type=\"heading.default\">\n\t\t\t\t<div class=\"elementor-widget-container\">\n\t\t\t\t\t<h1 class=\"elementor-heading-title elementor-size-default\">M\u00c4NGEL ODER VERBORGENE FEHLER<\/h1>\t\t\t\t<\/div>\n\t\t\t\t<\/div>\n\t\t\t\t<div class=\"elementor-element elementor-element-67fc142 elementor-widget__width-auto elementor-hidden-mobile elementor-widget elementor-widget-button\" data-id=\"67fc142\" data-element_type=\"widget\" data-e-type=\"widget\" data-widget_type=\"button.default\">\n\t\t\t\t<div class=\"elementor-widget-container\">\n\t\t\t\t\t\t\t\t\t<div class=\"elementor-button-wrapper\">\n\t\t\t\t\t<a class=\"elementor-button elementor-button-link elementor-size-lg\" href=\"https:\/\/calendly.com\/sales-skywealth\/reunion-aymo-peritaciones\">\n\t\t\t\t\t\t<span class=\"elementor-button-content-wrapper\">\n\t\t\t\t\t\t\t\t\t<span class=\"elementor-button-text\">Erhalten Sie einen Anruf<\/span>\n\t\t\t\t\t<\/span>\n\t\t\t\t\t<\/a>\n\t\t\t\t<\/div>\n\t\t\t\t\t\t\t\t<\/div>\n\t\t\t\t<\/div>\n\t\t\t\t\t<\/div>\n\t\t<\/div>\n\t\t\t\t<div class=\"elementor-column elementor-col-50 elementor-inner-column elementor-element elementor-element-5f1b4976\" data-id=\"5f1b4976\" data-element_type=\"column\" data-e-type=\"column\">\n\t\t\t<div class=\"elementor-widget-wrap elementor-element-populated\">\n\t\t\t\t\t\t<div class=\"elementor-element elementor-element-f725dc2 elementor-widget elementor-widget-image\" data-id=\"f725dc2\" data-element_type=\"widget\" data-e-type=\"widget\" data-widget_type=\"image.default\">\n\t\t\t\t<div class=\"elementor-widget-container\">\n\t\t\t\t\t\t\t\t\t\t\t\t\t\t\t<img fetchpriority=\"high\" decoding=\"async\" width=\"2000\" height=\"2000\" src=\"https:\/\/aymoperitosjudiciales.com\/wp-content\/uploads\/2024\/10\/LOGO-PERITOS-JUDICIALES.gif\" class=\"attachment-full size-full wp-image-65\" alt=\"\" \/>\t\t\t\t\t\t\t\t\t\t\t\t\t\t\t<\/div>\n\t\t\t\t<\/div>\n\t\t\t\t\t<\/div>\n\t\t<\/div>\n\t\t\t\t\t<\/div>\n\t\t<\/section>\n\t\t\t\t\t<\/div>\n\t\t<\/div>\n\t\t\t\t\t<\/div>\n\t\t<\/section>\n\t\t\t\t<section class=\"elementor-section elementor-top-section elementor-element elementor-element-62881c06 elementor-section-boxed elementor-section-height-default elementor-section-height-default\" data-id=\"62881c06\" data-element_type=\"section\" data-e-type=\"section\" data-settings=\"{&quot;shape_divider_bottom&quot;:&quot;mountains&quot;,&quot;background_background&quot;:&quot;classic&quot;}\">\n\t\t\t\t\t<div class=\"elementor-shape elementor-shape-bottom\" aria-hidden=\"true\" data-negative=\"false\">\n\t\t\t<svg xmlns=\"http:\/\/www.w3.org\/2000\/svg\" viewbox=\"0 0 1000 100\" preserveaspectratio=\"none\">\n\t<path class=\"elementor-shape-fill\" opacity=\"0.33\" d=\"M473,67.3c-203.9,88.3-263.1-34-320.3,0C66,119.1,0,59.7,0,59.7V0h1000v59.7 c0,0-62.1,26.1-94.9,29.3c-32.8,3.3-62.8-12.3-75.8-22.1C806,49.6,745.3,8.7,694.9,4.7S492.4,59,473,67.3z\"\/>\n\t<path class=\"elementor-shape-fill\" opacity=\"0.66\" d=\"M734,67.3c-45.5,0-77.2-23.2-129.1-39.1c-28.6-8.7-150.3-10.1-254,39.1 s-91.7-34.4-149.2,0C115.7,118.3,0,39.8,0,39.8V0h1000v36.5c0,0-28.2-18.5-92.1-18.5C810.2,18.1,775.7,67.3,734,67.3z\"\/>\n\t<path class=\"elementor-shape-fill\" d=\"M766.1,28.9c-200-57.5-266,65.5-395.1,19.5C242,1.8,242,5.4,184.8,20.6C128,35.8,132.3,44.9,89.9,52.5C28.6,63.7,0,0,0,0 h1000c0,0-9.9,40.9-83.6,48.1S829.6,47,766.1,28.9z\"\/>\n<\/svg>\t\t<\/div>\n\t\t\t\t\t<div class=\"elementor-container elementor-column-gap-default\">\n\t\t\t\t\t<div class=\"elementor-column elementor-col-50 elementor-top-column elementor-element elementor-element-1bec40f3 elementor-hidden-phone\" data-id=\"1bec40f3\" data-element_type=\"column\" data-e-type=\"column\">\n\t\t\t<div class=\"elementor-widget-wrap\">\n\t\t\t\t\t\t\t<\/div>\n\t\t<\/div>\n\t\t\t\t<div class=\"elementor-column elementor-col-50 elementor-top-column elementor-element elementor-element-21a06584\" data-id=\"21a06584\" data-element_type=\"column\" data-e-type=\"column\">\n\t\t\t<div class=\"elementor-widget-wrap elementor-element-populated\">\n\t\t\t\t\t\t<div class=\"elementor-element elementor-element-7c98f34d elementor-widget__width-initial elementor-widget elementor-widget-text-editor\" data-id=\"7c98f34d\" data-element_type=\"widget\" data-e-type=\"widget\" data-widget_type=\"text-editor.default\">\n\t\t\t\t<div class=\"elementor-widget-container\">\n\t\t\t\t\t\t\t\t\t<p class=\"MsoNormal\">Wenn Sie ein Gebrauchtfahrzeug gekauft haben, kann es sein, dass es eine Panne oder einen Schaden aufweist, der beim Kauf nicht sichtbar war. M\u00f6glicherweise liegt ein Mangel oder verborgener Fehler am Fahrzeug vor.\u00a0<\/p><p><strong>AYMO PERITOS JUDICIALES<\/strong> verf\u00fcgt \u00fcber Gerichtsgutachter, die sich mit der Angelegenheit auskennen und eine Bewertung des Fahrzeugs und des Schadensersatzes vornehmen, um den Verk\u00e4ufer zu verklagen. Der Gutachter verfasst den formellen Bericht, der vom Gutachter unterzeichnet und von ihm \u00fcberpr\u00fcft und versiegelt wird und in dem die Probleme, die das Fahrzeug vor dem Kauf durch den Kunden hatte, sowie die Reparaturkosten detailliert aufgef\u00fchrt sind.<\/p><p>Dar\u00fcber hinaus ber\u00e4t Sie unser Anwaltsteam in diesen F\u00e4llen unter Ber\u00fccksichtigung folgender Punkte:<\/p>\t\t\t\t\t\t\t\t<\/div>\n\t\t\t\t<\/div>\n\t\t\t\t<section class=\"elementor-section elementor-inner-section elementor-element elementor-element-3355983b elementor-section-boxed elementor-section-height-default elementor-section-height-default\" data-id=\"3355983b\" data-element_type=\"section\" data-e-type=\"section\">\n\t\t\t\t\t\t<div class=\"elementor-container elementor-column-gap-default\">\n\t\t\t\t\t<div class=\"elementor-column elementor-col-100 elementor-inner-column elementor-element elementor-element-989af73\" data-id=\"989af73\" data-element_type=\"column\" data-e-type=\"column\">\n\t\t\t<div class=\"elementor-widget-wrap elementor-element-populated\">\n\t\t\t\t\t\t<div class=\"elementor-element elementor-element-95423e2 elementor-widget elementor-widget-text-editor\" data-id=\"95423e2\" data-element_type=\"widget\" data-e-type=\"widget\" data-widget_type=\"text-editor.default\">\n\t\t\t\t<div class=\"elementor-widget-container\">\n\t\t\t\t\t\t\t\t\t<ul><li>Einhaltung der Verj\u00e4hrungsfristen, die variieren k\u00f6nnen<\/li><li>Erhalten Sie stichhaltige Beweise f\u00fcr das Vorhandensein von M\u00e4ngeln oder verborgener Fehler<\/li><li>Beif\u00fcgen aller Inspektionsberichte, Rechnungen usw.<\/li><\/ul>\t\t\t\t\t\t\t\t<\/div>\n\t\t\t\t<\/div>\n\t\t\t\t\t<\/div>\n\t\t<\/div>\n\t\t\t\t\t<\/div>\n\t\t<\/section>\n\t\t\t\t<div class=\"elementor-element elementor-element-e51282b elementor-widget__width-initial elementor-widget elementor-widget-text-editor\" data-id=\"e51282b\" data-element_type=\"widget\" data-e-type=\"widget\" data-widget_type=\"text-editor.default\">\n\t\t\t\t<div class=\"elementor-widget-container\">\n\t\t\t\t\t\t\t\t\t<p>All dies, um vom Verk\u00e4ufer entweder eine R\u00fcckerstattung des Kaufpreises, die notwendigen Reparaturen oder sogar Schadensersatz verlangen zu k\u00f6nnen.<\/p>\t\t\t\t\t\t\t\t<\/div>\n\t\t\t\t<\/div>\n\t\t\t\t\t<\/div>\n\t\t<\/div>\n\t\t\t\t\t<\/div>\n\t\t<\/section>\n\t\t\t\t<\/div>","protected":false},"excerpt":{"rendered":"<p>Forensische Bewertung von Autos, Booten und Immobilien: M\u00e4ngel oder versteckte Fehler. Anruf erhalten. Wenn Sie ein gebrauchtes Fahrzeug gekauft haben, kann es einen Fehler oder einen anderen Defekt aufweisen, der zum Zeitpunkt des Kaufs nicht sichtbar war. Dies k\u00f6nnte ein Defekt oder ein versteckter Defekt am Fahrzeug sein. AYMO FORENSIC EXPERTS hat [\u2026]<\/p>","protected":false},"author":1,"featured_media":0,"parent":0,"menu_order":0,"comment_status":"closed","ping_status":"closed","template":"","meta":{"footnotes":""},"class_list":["post-180","page","type-page","status-publish","hentry"],"_links":{"self":[{"href":"https:\/\/aymoperitosjudiciales.com\/de\/wp-json\/wp\/v2\/pages\/180"}],"collection":[{"href":"https:\/\/aymoperitosjudiciales.com\/de\/wp-json\/wp\/v2\/pages"}],"about":[{"href":"https:\/\/aymoperitosjudiciales.com\/de\/wp-json\/wp\/v2\/types\/page"}],"author":[{"embeddable":true,"href":"https:\/\/aymoperitosjudiciales.com\/de\/wp-json\/wp\/v2\/users\/1"}],"replies":[{"embeddable":true,"href":"https:\/\/aymoperitosjudiciales.com\/de\/wp-json\/wp\/v2\/comments?post=180"}],"version-history":[{"count":4,"href":"https:\/\/aymoperitosjudiciales.com\/de\/wp-json\/wp\/v2\/pages\/180\/revisions"}],"predecessor-version":[{"id":193,"href":"https:\/\/aymoperitosjudiciales.com\/de\/wp-json\/wp\/v2\/pages\/180\/revisions\/193"}],"wp:attachment":[{"href":"https:\/\/aymoperitosjudiciales.com\/de\/wp-json\/wp\/v2\/media?parent=180"}],"curies":[{"name":"wp","href":"https:\/\/api.w.org\/{rel}","templated":true}]}}